{"id":3882,"date":"2021-11-10T02:32:29","date_gmt":"2021-11-10T02:32:29","guid":{"rendered":"https:\/\/abjinishamanik.com\/?page_id=3882"},"modified":"2022-07-27T05:37:07","modified_gmt":"2022-07-27T05:37:07","slug":"sobre-mi","status":"publish","type":"page","link":"https:\/\/abjinishamanik.com\/index.php\/sobre-mi\/","title":{"rendered":"Sobre mi"},"content":{"rendered":"<p>[et_pb_section fb_built=\u00bb1&#8243; admin_label=\u00bbHero Section\u00bb _builder_version=\u00bb4.16&#8243; use_background_color_gradient=\u00bbon\u00bb background_color_gradient_direction=\u00bb72deg\u00bb background_color_gradient_stops=\u00bb#7c3e84 0%|#25efcb 100%\u00bb background_color_gradient_start=\u00bb#7c3e84&#8243; background_color_gradient_end=\u00bb#25efcb\u00bb background_image=\u00bbhttps:\/\/abjinishamanik.com\/wp-content\/uploads\/2021\/10\/trees-3822149_1280.jpg\u00bb background_position=\u00bbbottom_center\u00bb custom_padding=\u00bb82px|0px|44px|0px||\u00bb global_colors_info=\u00bb{}\u00bb][et_pb_row column_structure=\u00bb1_2,1_2&#8243; _builder_version=\u00bb4.16&#8243; background_color=\u00bbrgba(134,0,237,0.34)\u00bb background_size=\u00bbinitial\u00bb background_position=\u00bbtop_left\u00bb background_repeat=\u00bbrepeat\u00bb global_colors_info=\u00bb{}\u00bb][et_pb_column type=\u00bb1_2&#8243; _builder_version=\u00bb4.16&#8243; custom_padding=\u00bb60px|||\u00bb global_colors_info=\u00bb{}\u00bb custom_padding__hover=\u00bb|||\u00bb][et_pb_text _builder_version=\u00bb4.16&#8243; text_font=\u00bb||||||||\u00bb header_font=\u00bbPoppins||||||||\u00bb header_text_color=\u00bb#ffffff\u00bb header_font_size=\u00bb56px\u00bb header_line_height=\u00bb1.3em\u00bb animation_style=\u00bbfade\u00bb text_text_shadow_style=\u00bbpreset1&#8243; global_colors_info=\u00bb{}\u00bb]<\/p>\n<blockquote>\n<h1><span style=\"color: #ffffff;\">Te cuento un poco sobre mi camino.<\/span><\/h1>\n<\/blockquote>\n<p><span style=\"color: #7f5a85;\"><\/span><\/p>\n<p><strong><\/strong><\/p>\n<p>[\/et_pb_text][et_pb_text _builder_version=\u00bb4.16&#8243; text_font=\u00bbPoppins||||||||\u00bb text_text_color=\u00bbrgba(255,255,255,0.8)\u00bb text_font_size=\u00bb18px\u00bb text_line_height=\u00bb1.8em\u00bb custom_padding=\u00bb||0px|||\u00bb animation_style=\u00bbfade\u00bb animation_delay=\u00bb100ms\u00bb global_colors_info=\u00bb{}\u00bb][\/et_pb_text][\/et_pb_column][et_pb_column type=\u00bb1_2&#8243; _builder_version=\u00bb4.16&#8243; custom_padding=\u00bb|||\u00bb global_colors_info=\u00bb{}\u00bb custom_padding__hover=\u00bb|||\u00bb][\/et_pb_column][\/et_pb_row][\/et_pb_section][et_pb_section fb_built=\u00bb1&#8243; admin_label=\u00bbAbout Us Section\u00bb _builder_version=\u00bb4.16&#8243; custom_padding=\u00bb110px|0px|62px|0px||\u00bb global_colors_info=\u00bb{}\u00bb][et_pb_row column_structure=\u00bb1_2,1_2&#8243; admin_label=\u00bbRow\u00bb _builder_version=\u00bb4.16&#8243; custom_padding=\u00bb|||\u00bb global_colors_info=\u00bb{}\u00bb][et_pb_column type=\u00bb1_2&#8243; _builder_version=\u00bb4.16&#8243; custom_padding=\u00bb|||\u00bb global_colors_info=\u00bb{}\u00bb custom_padding__hover=\u00bb|||\u00bb][et_pb_text _builder_version=\u00bb4.16&#8243; text_font=\u00bb||||||||\u00bb header_font=\u00bb||||||||\u00bb header_2_font=\u00bbPoppins|500||on|||||\u00bb header_2_text_color=\u00bbrgba(0,0,0,0.2)\u00bb header_2_font_size=\u00bb16px\u00bb header_2_letter_spacing=\u00bb1px\u00bb header_2_line_height=\u00bb1.3em\u00bb custom_margin=\u00bb||20px|\u00bb saved_tabs=\u00bball\u00bb locked=\u00bboff\u00bb global_colors_info=\u00bb{}\u00bb]<\/p>\n<h2><span style=\"color: #cc99ff;\">Sobre Mi<\/span><\/h2>\n<p>[\/et_pb_text][et_pb_text _builder_version=\u00bb4.16&#8243; text_font=\u00bb||||||||\u00bb header_font=\u00bb||||||||\u00bb header_3_font=\u00bbPoppins|600|||||||\u00bb header_3_text_color=\u00bb#44d89e\u00bb header_3_font_size=\u00bb36px\u00bb header_3_line_height=\u00bb1.4em\u00bb global_colors_info=\u00bb{}\u00bb]<\/p>\n<h3>Abjini Shamanik<\/h3>\n<p>[\/et_pb_text][et_pb_text _builder_version=\u00bb4.16&#8243; text_font=\u00bbOpen Sans||||||||\u00bb text_text_color=\u00bb#486066&#8243; text_font_size=\u00bb15px\u00bb text_line_height=\u00bb1.8em\u00bb header_font=\u00bb||||||||\u00bb global_colors_info=\u00bb{}\u00bb]<\/p>\n<p><span>Desde muy peque\u00f1a sent\u00ed una gran atracci\u00f3n hacia la Naturaleza y los animales, pasaba horas en el jard\u00edn de mi casa hablando con las flores, mirando las nubes acostada en la grama, pod\u00eda comunicarme con los p\u00e1jaros y con mi gato.<\/span><br \/><span>Hoy en d\u00eda puedo decir que este don de comunicaci\u00f3n con todo, me hace emp\u00e1tica, es decir que puedo conectarme a un nivel m\u00e1s sutil con las personas y con todo lo que me rodea.<\/span><br \/><span>Mas tarde comenz\u00f3 mi pasi\u00f3n por el arte, la belleza de la Naturaleza, me llevo a admirar la belleza creada por los seres humanos y la perfecci\u00f3n de la Geometr\u00eda. Todo esto me llev\u00f3 a explorar el Chamanismo a ser una Guardiana de Gaia, a formarme como Mujer Medicina. A dedicarme a apoyar a otros en el despertar.<\/span><\/p>\n<p>[\/et_pb_text][\/et_pb_column][et_pb_column type=\u00bb1_2&#8243; _builder_version=\u00bb4.16&#8243; custom_padding=\u00bb|||\u00bb global_colors_info=\u00bb{}\u00bb custom_padding__hover=\u00bb|||\u00bb][et_pb_image src=\u00bbhttps:\/\/abjinishamanik.com\/wp-content\/uploads\/2022\/07\/258869645_10159021722325345_7384108925268607643_n.jpg\u00bb title_text=\u00bbAbjini\u00bb align_tablet=\u00bbcenter\u00bb align_phone=\u00bb\u00bb align_last_edited=\u00bbon|desktop\u00bb _builder_version=\u00bb4.17.6&#8243; animation_style=\u00bbslide\u00bb animation_direction=\u00bbleft\u00bb animation_intensity_slide=\u00bb8%\u00bb hover_enabled=\u00bb0&#8243; global_colors_info=\u00bb{}\u00bb alt=\u00bbAbjini\u00bb sticky_enabled=\u00bb0&#8243;][\/et_pb_image][\/et_pb_column][\/et_pb_row][\/et_pb_section][et_pb_section fb_built=\u00bb1&#8243; admin_label=\u00bbWhy Choose Us Section\u00bb _builder_version=\u00bb4.16&#8243; background_color=\u00bb#fafbfc\u00bb background_color_gradient_direction=\u00bb234deg\u00bb custom_padding=\u00bb40px|0px|39px|0px||\u00bb global_colors_info=\u00bb{}\u00bb][et_pb_row column_structure=\u00bb1_2,1_2&#8243; _builder_version=\u00bb4.16&#8243; background_size=\u00bbinitial\u00bb background_position=\u00bbtop_left\u00bb background_repeat=\u00bbrepeat\u00bb custom_padding=\u00bb|||\u00bb locked=\u00bboff\u00bb global_colors_info=\u00bb{}\u00bb][et_pb_column type=\u00bb1_2&#8243; _builder_version=\u00bb4.16&#8243; custom_padding=\u00bb60px|||\u00bb global_colors_info=\u00bb{}\u00bb custom_padding__hover=\u00bb|||\u00bb][et_pb_image src=\u00bbhttps:\/\/abjinishamanik.com\/wp-content\/uploads\/2021\/10\/flor-vida-web.png\u00bb title_text=\u00bbflor-vida-web\u00bb url_new_window=\u00bbon\u00bb align_tablet=\u00bbcenter\u00bb align_phone=\u00bb\u00bb align_last_edited=\u00bbon|desktop\u00bb _builder_version=\u00bb4.16&#8243; animation_style=\u00bbfade\u00bb global_colors_info=\u00bb{}\u00bb][\/et_pb_image][\/et_pb_column][et_pb_column type=\u00bb1_2&#8243; _builder_version=\u00bb4.16&#8243; custom_padding=\u00bb|||\u00bb global_colors_info=\u00bb{}\u00bb custom_padding__hover=\u00bb|||\u00bb][et_pb_text _builder_version=\u00bb4.16&#8243; text_font=\u00bb||||||||\u00bb header_font=\u00bb||||||||\u00bb header_3_font=\u00bbPoppins|600|||||||\u00bb header_3_font_size=\u00bb36px\u00bb header_3_line_height=\u00bb1.4em\u00bb background_layout=\u00bbdark\u00bb custom_margin=\u00bb||20px|||\u00bb global_colors_info=\u00bb{}\u00bb]<\/p>\n<h3><span style=\"color: #cfa2fe;\">El Mi Camino al Despertar<\/span><\/h3>\n<p>[\/et_pb_text][et_pb_text _builder_version=\u00bb4.16&#8243; text_font=\u00bbOpen Sans||||||||\u00bb text_font_size=\u00bb15px\u00bb text_line_height=\u00bb1.8em\u00bb header_font=\u00bb||||||||\u00bb background_layout=\u00bbdark\u00bb global_colors_info=\u00bb{}\u00bb]<\/p>\n<p>&nbsp;<\/p>\n<p><span style=\"color: #486066;\"><strong>Geometr\u00eda Sagrada<\/strong><\/span><br \/><span style=\"color: #486066;\">Por mi camino he conocido a muchos maestros, he sido alumna directa de Drunvalo Melchizedek, teniendo la oportunidad de traducir uno de sus libros, form\u00e1ndome como Facilitadora de talleres de La Flor de La Vida.<\/span><br \/><span style=\"color: #486066;\">Hoy en d\u00eda facilito el taller Humano Gal\u00e1ctico que suma mis conocimientos y experiencias con la Geometr\u00eda y el Campo Merkaba.<\/span><\/p>\n<p><span style=\"color: #486066;\"><strong>Frecuencia 11:11<\/strong><\/span><br \/><span style=\"color: #486066;\">En mi transitar particip\u00e9 en las aperturas de Portales 11:11 con Solara Anani otra de mis maestras, en muchos lugares del mundo, Montana, Per\u00fa, Australia, Irlanda. Entend\u00ed que es una frecuencia muy poderosa que ha contribuido al despertar que estamos viviendo ahora.<\/span><\/p>\n<p><span style=\"color: #486066;\"><strong>Estudios Hol\u00edsticos<\/strong><\/span><br \/><span style=\"color: #486066;\">Certificada como facilitadora de Geometr\u00eda Sagrada por Drunvalo Melchizedk, como una de sus primeras alumnas, tambi\u00e9n tuve la oportunidad de ser traductora de uno de sus libros al espa\u00f1ol. Estudi\u00e9 Sanaci\u00f3n Pr\u00e1nica con el Mestro Choa Koch Sui, otro de mis maestros, certific\u00e1ndome en esta disciplina. Tambi\u00e9n viv\u00ed en India en el Centro de Meditaci\u00f3n de Osho, donde me form\u00e9 como Facilitadora de Meditaci\u00f3n y procesos emocionales en Osho Multiversity. Estudie Hipnoterapia con Rakasa Lucero. Me certifiqu\u00e9 con Dann Van Kampen Haut en Ritual Sist\u00e9mico Systemic Ritual\u00ae. Y como Acompa\u00f1ante de Biodescodificaci\u00f3n en la Escuela de Biodecodage de Christian Fleche. Certificada en el Primer Nivel de Archivos Akashicos con Maria del Mar Rodilla. Estas son algunas de las disciplinas que he explorado.<\/span><\/p>\n<p><span style=\"color: #000000;\">\u00a0<\/span><\/p>\n<p>[\/et_pb_text][\/et_pb_column][\/et_pb_row][\/et_pb_section][et_pb_section fb_built=\u00bb1&#8243; admin_label=\u00bbAbout Us Section\u00bb _builder_version=\u00bb4.16&#8243; custom_padding=\u00bb28px|0px|62px|0px||\u00bb global_colors_info=\u00bb{}\u00bb][et_pb_row column_structure=\u00bb1_2,1_2&#8243; admin_label=\u00bbRow\u00bb _builder_version=\u00bb4.16&#8243; custom_padding=\u00bb|||\u00bb global_colors_info=\u00bb{}\u00bb][et_pb_column type=\u00bb1_2&#8243; _builder_version=\u00bb4.16&#8243; custom_padding=\u00bb|||\u00bb global_colors_info=\u00bb{}\u00bb custom_padding__hover=\u00bb|||\u00bb][et_pb_text _builder_version=\u00bb4.16&#8243; text_font=\u00bbOpen Sans||||||||\u00bb text_text_color=\u00bb#486066&#8243; text_font_size=\u00bb15px\u00bb text_line_height=\u00bb1.8em\u00bb header_font=\u00bb||||||||\u00bb global_colors_info=\u00bb{}\u00bb]<\/p>\n<p><strong>Chamanismo<\/strong><br \/>Los ind\u00edgenas tambi\u00e9n han sido mis Maestros, he transitado los caminos de la tierra visitando muchas comunidades ind\u00edgenas, recibiendo instrucci\u00f3n y medicina de chamanes de variadas etnias originarias, aprendiendo de ellos el amor a la naturaleza, el conocimiento de las plantas, la tierra, las direcciones, los elementos.<br \/>De estas experiencias surgieron los talleres: Aburu, un m\u00e9todo ancestral de sanaci\u00f3n de la energ\u00eda sexual, C\u00edrculos Chamanicos y Rituales Sist\u00e9micos, donde celebramos la conexi\u00f3n con la vida, los ritmos de la Tierra..<\/p>\n<p><strong>Autora<\/strong><br \/>Canalizo al Esp\u00edritu de la Tierra: Gaia que se presenta a trav\u00e9s de mi y da consejos a la gente a trav\u00e9s de la red, esta informaci\u00f3n se encuentra en el libro de mi autor\u00eda: \u00a9 El Despertar de Gaia. 2017, Amazon.<br \/>Hoy en d\u00eda puedo decir que este don de comunicaci\u00f3n con todo, me hace emp\u00e1tica, es decir que puedo conectarme a un nivel m\u00e1s sutil con las personas y con todo lo que me rodea.<br \/>Mas tarde comenz\u00f3 mi pasi\u00f3n por el arte, la belleza de la Naturaleza, me llevo a admirar la belleza creada por los seres humanos y la perfecci\u00f3n de la Geometr\u00eda. Todo esto me llev\u00f3 a explorar el Chamanismo a ser una Guardiana de Gaia, a formarme como Mujer Medicina. A dedicarme a apoyar a otros en el despertar.<\/p>\n<p><strong>Viajes Hol\u00edsticos<\/strong><br \/>Soy Gu\u00eda en viajes espirituales a Sitios de Poder, he ido muchas veces a Egipto, al cual en diferentes ocasiones he llevado mas de 300 personas a visitar los 13 templos o portales de activaci\u00f3n, un viaje so\u00f1ado de muchas personas.<\/p>\n<p>Llevo peque\u00f1os grupos a la Sierra de Santa Marta, Colombia a visitar las comunidades ind\u00edgenas de los Arhuakos y los Kogis. Tambi\u00e9n he realizado rituales de iniciaci\u00f3n en las lagunas sagradas de Siecha y Guatavita en la Sabana de Bogot\u00e1.<\/p>\n<p>Al Norte de la India acompa\u00f1o grupos con un dise\u00f1o especial donde conjugamos el contacto con la naturaleza, el trekking, los rituales ancestrales (Arti), el bautismo en el Ganges y la visita a los lugares sagrados.<\/p>\n<p>En M\u00e9xico vamos a los lugares sagrados y hacemos contacto con las Ballenas Grises en la Bahia de San Ignacio en Baja California, abriendo el coraz\u00f3n a esos inmensos y tiernos cet\u00e1ceos.<\/p>\n<p>En Venezuela, mi pa\u00eds realizo viajes a avistar Delfines en la Bahia de Mochima en el Estado Sucre. Y tambi\u00e9n al Amazonas venezolano a visitar el Tepuy llamado Autana, chacra del coraz\u00f3n de Sudam\u00e9rica.<\/p>\n<p>En EEUU donde resido ahora, realizo viajes a Sedona, Arizona ha experimentar los v\u00f3rtices y a Mount Shasta ha hacer contacto con los seres de luz de la Hermandad Blanca.<\/p>\n<p>Sanaci\u00f3n Alkhem \/ Rescate del Alma<br \/>Este camino de sanaci\u00f3n que comenz\u00f3 conmigo misma, me llevo a apoyar a otros en su crecimiento, as\u00ed que durante mas de veinte a\u00f1os he acompa\u00f1ado por medio de sesiones a miles de personas en su sanaci\u00f3n y despertar individual. De esta experiencia surgi\u00f3 el m\u00e9todo de Sanaci\u00f3n Alkhem que se basa en la combinaci\u00f3n de muchas ense\u00f1anzas que incluyen el chamanismo la Geometr\u00eda Sagrada y la Sabidur\u00eda ancestral Egipcia. Con el objetivo de rescatar esas partes del alma que a trav\u00e9s del tiempo se han fragmentado o se han quedado atascadas en el pasado de forma inconsciente, haciendo que se repitan patrones indeseados, enfermedades y bloqueos de la abundancia en nuestras vidas.<\/p>\n<p>[\/et_pb_text][\/et_pb_column][et_pb_column type=\u00bb1_2&#8243; _builder_version=\u00bb4.16&#8243; custom_padding=\u00bb|||\u00bb global_colors_info=\u00bb{}\u00bb custom_padding__hover=\u00bb|||\u00bb][et_pb_image src=\u00bbhttps:\/\/abjinishamanik.com\/wp-content\/uploads\/2021\/10\/tierra.png\u00bb title_text=\u00bbtierra\u00bb align_tablet=\u00bbcenter\u00bb align_phone=\u00bb\u00bb align_last_edited=\u00bbon|desktop\u00bb _builder_version=\u00bb4.16&#8243; animation_style=\u00bbslide\u00bb animation_direction=\u00bbleft\u00bb animation_intensity_slide=\u00bb8%\u00bb global_colors_info=\u00bb{}\u00bb][\/et_pb_image][\/et_pb_column][\/et_pb_row][\/et_pb_section][et_pb_section fb_built=\u00bb1&#8243; admin_label=\u00bbOur Partners Section\u00bb _builder_version=\u00bb4.16&#8243; background_color=\u00bb#43d89e\u00bb custom_padding=\u00bb34px|0px|110px|0px||\u00bb global_colors_info=\u00bb{}\u00bb][et_pb_row column_structure=\u00bb1_4,1_2,1_4&#8243; _builder_version=\u00bb4.16&#8243; locked=\u00bboff\u00bb global_colors_info=\u00bb{}\u00bb][et_pb_column type=\u00bb1_4&#8243; _builder_version=\u00bb4.16&#8243; custom_padding=\u00bb|||\u00bb global_colors_info=\u00bb{}\u00bb custom_padding__hover=\u00bb|||\u00bb][\/et_pb_column][et_pb_column type=\u00bb1_2&#8243; _builder_version=\u00bb4.16&#8243; custom_padding=\u00bb|||\u00bb global_colors_info=\u00bb{}\u00bb custom_padding__hover=\u00bb|||\u00bb][et_pb_text _builder_version=\u00bb4.16&#8243; text_font=\u00bb||||||||\u00bb header_font=\u00bb||||||||\u00bb header_text_align=\u00bbcenter\u00bb header_3_font=\u00bbPoppins|600|||||||\u00bb header_3_text_color=\u00bb#44d89e\u00bb header_3_font_size=\u00bb36px\u00bb header_3_line_height=\u00bb1.4em\u00bb text_orientation=\u00bbcenter\u00bb global_colors_info=\u00bb{}\u00bb]<\/p>\n<h3><span style=\"color: #ffffff;\">Visita mi Canal<\/span><\/h3>\n<p>[\/et_pb_text][\/et_pb_column][et_pb_column type=\u00bb1_4&#8243; _builder_version=\u00bb4.16&#8243; custom_padding=\u00bb|||\u00bb global_colors_info=\u00bb{}\u00bb custom_padding__hover=\u00bb|||\u00bb][\/et_pb_column][\/et_pb_row][et_pb_row column_structure=\u00bb1_5,3_5,1_5&#8243; _builder_version=\u00bb4.16&#8243; _module_preset=\u00bbdefault\u00bb custom_margin=\u00bb-12px|auto||auto||\u00bb custom_padding=\u00bb33px|||||\u00bb global_colors_info=\u00bb{}\u00bb][et_pb_column type=\u00bb1_5&#8243; _builder_version=\u00bb4.16&#8243; _module_preset=\u00bbdefault\u00bb global_colors_info=\u00bb{}\u00bb][\/et_pb_column][et_pb_column type=\u00bb3_5&#8243; _builder_version=\u00bb4.16&#8243; _module_preset=\u00bbdefault\u00bb global_colors_info=\u00bb{}\u00bb][et_pb_code _builder_version=\u00bb4.16&#8243; _module_preset=\u00bbdefault\u00bb global_colors_info=\u00bb{}\u00bb]<iframe loading=\"lazy\" width=\"560\" height=\"315\" src=\"https:\/\/www.youtube.com\/embed\/ah66ThWPyiU\" title=\"YouTube video player\" frameborder=\"0\" allow=\"accelerometer; autoplay; clipboard-write; encrypted-media; gyroscope; picture-in-picture\" allowfullscreen><\/iframe>[\/et_pb_code][\/et_pb_column][et_pb_column type=\u00bb1_5&#8243; _builder_version=\u00bb4.16&#8243; _module_preset=\u00bbdefault\u00bb global_colors_info=\u00bb{}\u00bb][\/et_pb_column][\/et_pb_row][\/et_pb_section]<\/p>\n","protected":false},"excerpt":{"rendered":"<p>Te cuento un poco sobre mi camino. Sobre MiAbjini ShamanikDesde muy peque\u00f1a sent\u00ed una gran atracci\u00f3n hacia la Naturaleza y los animales, pasaba horas en el jard\u00edn de mi casa hablando con las flores, mirando las nubes acostada en la grama, pod\u00eda comunicarme con los p\u00e1jaros y con mi gato.Hoy en d\u00eda puedo decir que [&hellip;]<\/p>\n","protected":false},"author":1,"featured_media":0,"parent":0,"menu_order":0,"comment_status":"closed","ping_status":"closed","template":"","meta":{"_et_pb_use_builder":"on","_et_pb_old_content":"","_et_gb_content_width":""},"_links":{"self":[{"href":"https:\/\/abjinishamanik.com\/index.php\/wp-json\/wp\/v2\/pages\/3882"}],"collection":[{"href":"https:\/\/abjinishamanik.com\/index.php\/wp-json\/wp\/v2\/pages"}],"about":[{"href":"https:\/\/abjinishamanik.com\/index.php\/wp-json\/wp\/v2\/types\/page"}],"author":[{"embeddable":true,"href":"https:\/\/abjinishamanik.com\/index.php\/wp-json\/wp\/v2\/users\/1"}],"replies":[{"embeddable":true,"href":"https:\/\/abjinishamanik.com\/index.php\/wp-json\/wp\/v2\/comments?post=3882"}],"version-history":[{"count":6,"href":"https:\/\/abjinishamanik.com\/index.php\/wp-json\/wp\/v2\/pages\/3882\/revisions"}],"predecessor-version":[{"id":3907,"href":"https:\/\/abjinishamanik.com\/index.php\/wp-json\/wp\/v2\/pages\/3882\/revisions\/3907"}],"wp:attachment":[{"href":"https:\/\/abjinishamanik.com\/index.php\/wp-json\/wp\/v2\/media?parent=3882"}],"curies":[{"name":"wp","href":"https:\/\/api.w.org\/{rel}","templated":true}]}}